{"id":24,"date":"2024-11-11T05:00:26","date_gmt":"2024-11-11T05:00:26","guid":{"rendered":"https:\/\/opensky.apercu.website\/?page_id=24"},"modified":"2025-07-31T14:08:58","modified_gmt":"2025-07-31T14:08:58","slug":"mentions-legales","status":"publish","type":"page","link":"https:\/\/www.open-sky-intl.com\/en\/mentions-legales\/","title":{"rendered":"Legal information"},"content":{"rendered":"<div data-elementor-type=\"wp-page\" data-elementor-id=\"24\" class=\"elementor elementor-24\" data-elementor-post-type=\"page\">\n\t\t\t\t<div class=\"elementor-element elementor-element-2c9bd37a e-flex e-con-boxed e-con e-parent\" data-id=\"2c9bd37a\" data-element_type=\"container\">\n\t\t\t\t\t<div class=\"e-con-inner\">\n\t\t\t\t<div class=\"elementor-element elementor-element-56bcc90 elementor-widget elementor-widget-heading\" data-id=\"56bcc90\" data-element_type=\"widget\" data-widget_type=\"heading.default\">\n\t\t\t\t<div class=\"elementor-widget-container\">\n\t\t\t\t\t<h1 class=\"elementor-heading-title elementor-size-default\">Mentions L\u00e9gales\n<\/h1>\t\t\t\t<\/div>\n\t\t\t\t<\/div>\n\t\t\t\t<div class=\"elementor-element elementor-element-44d72ff3 elementor-widget elementor-widget-text-editor\" data-id=\"44d72ff3\" data-element_type=\"widget\" data-widget_type=\"text-editor.default\">\n\t\t\t\t<div class=\"elementor-widget-container\">\n\t\t\t\t\t\t\t\t\t\n<p>Adresse : 7-9 rue Cast\u00e9ja, 92100 Boulogne-Billancourt<br \/>T\u00e9l\u00e9phone :\u00a0<a href=\"tel:+330145273756\">+33 (0)1 45 27 37 56<\/a><br \/>Email :\u00a0<a href=\"mailto:contact@open-sky-intl.com\">contact@open-sky-intl.com<\/a><br \/>TVA : FR07490073939<br \/>SIRET : 49007393900020<br \/>SIREN : 490073939<br \/>Capital social :\u00a077 149,00\u20ac<\/p>\n\n<p>Le Directeur de publication du Site Internet est : Rose FAYAD<\/p>\n\n<p>H\u00e9bergement :<\/p>\n\n<p>ALWAYSDATA, SARL au capital de 5.000 \u20ac immatricul\u00e9e au RCS de Paris sous le num\u00e9ro 492 893 490 dont le si\u00e8ge social se trouve 62 rue Tiquetonne \u2013 75002 Paris.<\/p>\n\n<p>\u2014\u2014\u2013<\/p>\n\n<p>La finalit\u00e9 du traitement des donn\u00e9es personnelles fournies volontairement par l\u2019Internaute sur le Site au travers du module \u00ab Contact \u00bb, est de permettre \u00e0 l\u2019Internaute d\u2019\u00eatre contact\u00e9 rapidement par Open Sky International.<\/p>\n\n<p>L\u2019Internaute est inform\u00e9 que les donn\u00e9es de connexion ou relatives \u00e0 la navigation de l\u2019Internaute depuis le Site sont collect\u00e9es (informations de navigation) de mani\u00e8re automatique par un logiciel de statistiques et de mesure d\u2019audience. Ces informations ne sont collect\u00e9es qu\u2019\u00e0 des fins d\u2019analyse statistique et d\u2019optimisation interne du Site.<\/p>\n\n<p>L\u2019Internaute est \u00e9galement inform\u00e9 qu\u2019en application des articles 39 et 40 de la loi dite \u00ab Informatique et Libert\u00e9s \u00bb du 6 janvier 1978, modifi\u00e9e par la loi 2004-801 du 6 ao\u00fbt 2004, l\u2019Internaute dispose d\u2019un droit d\u2019acc\u00e8s, de rectification, de modification et de suppression concernant ses donn\u00e9es personnelles.<\/p>\n\t\t\t\t\t\t\t\t<\/div>\n\t\t\t\t<\/div>\n\t\t\t\t\t<\/div>\n\t\t\t\t<\/div>\n\t\t\t\t<\/div>","protected":false},"excerpt":{"rendered":"<p>Mentions L\u00e9gales Adresse : 7-9 rue Cast\u00e9ja, 92100 Boulogne-BillancourtT\u00e9l\u00e9phone :\u00a0+33 (0)1 45 27 37 56Email :\u00a0contact@open-sky-intl.comTVA : FR07490073939SIRET : 49007393900020SIREN : 490073939Capital social :\u00a077 149,00\u20ac Le Directeur de publication du Site Internet est : Rose FAYAD H\u00e9bergement : ALWAYSDATA, SARL au capital de 5.000 \u20ac immatricul\u00e9e au RCS de Paris sous le num\u00e9ro 492 893 [&hellip;]<\/p>","protected":false},"author":1,"featured_media":0,"parent":0,"menu_order":0,"comment_status":"closed","ping_status":"closed","template":"elementor_header_footer","meta":{"footnotes":""},"class_list":["post-24","page","type-page","status-publish","hentry"],"yoast_head":"<!-- This site is optimized with the Yoast SEO plugin v26.0 - https:\/\/yoast.com\/wordpress\/plugins\/seo\/ -->\n<title>Mentions l\u00e9gales - Open Sky International<\/title>\n<meta name=\"robots\" content=\"index, follow, max-snippet:-1, max-image-preview:large, max-video-preview:-1\" \/>\n<link rel=\"canonical\" href=\"https:\/\/www.open-sky-intl.com\/en\/mentions-legales\/\" \/>\n<meta property=\"og:locale\" content=\"en_US\" \/>\n<meta property=\"og:type\" content=\"article\" \/>\n<meta property=\"og:title\" content=\"Mentions l\u00e9gales - Open Sky International\" \/>\n<meta property=\"og:description\" content=\"Mentions L\u00e9gales Adresse : 7-9 rue Cast\u00e9ja, 92100 Boulogne-BillancourtT\u00e9l\u00e9phone :\u00a0+33 (0)1 45 27 37 56Email :\u00a0contact@open-sky-intl.comTVA : FR07490073939SIRET : 49007393900020SIREN : 490073939Capital social :\u00a077 149,00\u20ac Le Directeur de publication du Site Internet est : Rose FAYAD H\u00e9bergement : ALWAYSDATA, SARL au capital de 5.000 \u20ac immatricul\u00e9e au RCS de Paris sous le num\u00e9ro 492 893 [&hellip;]\" \/>\n<meta property=\"og:url\" content=\"https:\/\/www.open-sky-intl.com\/en\/mentions-legales\/\" \/>\n<meta property=\"og:site_name\" content=\"Open Sky International\" \/>\n<meta property=\"article:modified_time\" content=\"2025-07-31T14:08:58+00:00\" \/>\n<meta name=\"twitter:card\" content=\"summary_large_image\" \/>\n<meta name=\"twitter:label1\" content=\"Est. reading time\" \/>\n\t<meta name=\"twitter:data1\" content=\"1 minute\" \/>\n<script type=\"application\/ld+json\" class=\"yoast-schema-graph\">{\"@context\":\"https:\/\/schema.org\",\"@graph\":[{\"@type\":\"WebPage\",\"@id\":\"https:\/\/www.open-sky-intl.com\/en\/mentions-legales\/\",\"url\":\"https:\/\/www.open-sky-intl.com\/en\/mentions-legales\/\",\"name\":\"Mentions l\u00e9gales - Open Sky International\",\"isPartOf\":{\"@id\":\"https:\/\/www.open-sky-intl.com\/#website\"},\"datePublished\":\"2024-11-11T05:00:26+00:00\",\"dateModified\":\"2025-07-31T14:08:58+00:00\",\"breadcrumb\":{\"@id\":\"https:\/\/www.open-sky-intl.com\/en\/mentions-legales\/#breadcrumb\"},\"inLanguage\":\"en-US\",\"potentialAction\":[{\"@type\":\"ReadAction\",\"target\":[\"https:\/\/www.open-sky-intl.com\/en\/mentions-legales\/\"]}]},{\"@type\":\"BreadcrumbList\",\"@id\":\"https:\/\/www.open-sky-intl.com\/en\/mentions-legales\/#breadcrumb\",\"itemListElement\":[{\"@type\":\"ListItem\",\"position\":1,\"name\":\"Accueil\",\"item\":\"https:\/\/www.open-sky-intl.com\/\"},{\"@type\":\"ListItem\",\"position\":2,\"name\":\"Mentions l\u00e9gales\"}]},{\"@type\":\"WebSite\",\"@id\":\"https:\/\/www.open-sky-intl.com\/#website\",\"url\":\"https:\/\/www.open-sky-intl.com\/\",\"name\":\"Open Sky International\",\"description\":\"\",\"potentialAction\":[{\"@type\":\"SearchAction\",\"target\":{\"@type\":\"EntryPoint\",\"urlTemplate\":\"https:\/\/www.open-sky-intl.com\/?s={search_term_string}\"},\"query-input\":{\"@type\":\"PropertyValueSpecification\",\"valueRequired\":true,\"valueName\":\"search_term_string\"}}],\"inLanguage\":\"en-US\"}]}<\/script>\n<!-- \/ Yoast SEO plugin. -->","yoast_head_json":{"title":"Mentions l\u00e9gales - Open Sky International","robots":{"index":"index","follow":"follow","max-snippet":"max-snippet:-1","max-image-preview":"max-image-preview:large","max-video-preview":"max-video-preview:-1"},"canonical":"https:\/\/www.open-sky-intl.com\/en\/mentions-legales\/","og_locale":"en_US","og_type":"article","og_title":"Mentions l\u00e9gales - Open Sky International","og_description":"Mentions L\u00e9gales Adresse : 7-9 rue Cast\u00e9ja, 92100 Boulogne-BillancourtT\u00e9l\u00e9phone :\u00a0+33 (0)1 45 27 37 56Email :\u00a0contact@open-sky-intl.comTVA : FR07490073939SIRET : 49007393900020SIREN : 490073939Capital social :\u00a077 149,00\u20ac Le Directeur de publication du Site Internet est : Rose FAYAD H\u00e9bergement : ALWAYSDATA, SARL au capital de 5.000 \u20ac immatricul\u00e9e au RCS de Paris sous le num\u00e9ro 492 893 [&hellip;]","og_url":"https:\/\/www.open-sky-intl.com\/en\/mentions-legales\/","og_site_name":"Open Sky International","article_modified_time":"2025-07-31T14:08:58+00:00","twitter_card":"summary_large_image","twitter_misc":{"Est. reading time":"1 minute"},"schema":{"@context":"https:\/\/schema.org","@graph":[{"@type":"WebPage","@id":"https:\/\/www.open-sky-intl.com\/en\/mentions-legales\/","url":"https:\/\/www.open-sky-intl.com\/en\/mentions-legales\/","name":"Mentions l\u00e9gales - Open Sky International","isPartOf":{"@id":"https:\/\/www.open-sky-intl.com\/#website"},"datePublished":"2024-11-11T05:00:26+00:00","dateModified":"2025-07-31T14:08:58+00:00","breadcrumb":{"@id":"https:\/\/www.open-sky-intl.com\/en\/mentions-legales\/#breadcrumb"},"inLanguage":"en-US","potentialAction":[{"@type":"ReadAction","target":["https:\/\/www.open-sky-intl.com\/en\/mentions-legales\/"]}]},{"@type":"BreadcrumbList","@id":"https:\/\/www.open-sky-intl.com\/en\/mentions-legales\/#breadcrumb","itemListElement":[{"@type":"ListItem","position":1,"name":"Accueil","item":"https:\/\/www.open-sky-intl.com\/"},{"@type":"ListItem","position":2,"name":"Mentions l\u00e9gales"}]},{"@type":"WebSite","@id":"https:\/\/www.open-sky-intl.com\/#website","url":"https:\/\/www.open-sky-intl.com\/","name":"Open Sky International","description":"","potentialAction":[{"@type":"SearchAction","target":{"@type":"EntryPoint","urlTemplate":"https:\/\/www.open-sky-intl.com\/?s={search_term_string}"},"query-input":{"@type":"PropertyValueSpecification","valueRequired":true,"valueName":"search_term_string"}}],"inLanguage":"en-US"}]}},"_links":{"self":[{"href":"https:\/\/www.open-sky-intl.com\/en\/wp-json\/wp\/v2\/pages\/24","targetHints":{"allow":["GET"]}}],"collection":[{"href":"https:\/\/www.open-sky-intl.com\/en\/wp-json\/wp\/v2\/pages"}],"about":[{"href":"https:\/\/www.open-sky-intl.com\/en\/wp-json\/wp\/v2\/types\/page"}],"author":[{"embeddable":true,"href":"https:\/\/www.open-sky-intl.com\/en\/wp-json\/wp\/v2\/users\/1"}],"replies":[{"embeddable":true,"href":"https:\/\/www.open-sky-intl.com\/en\/wp-json\/wp\/v2\/comments?post=24"}],"version-history":[{"count":0,"href":"https:\/\/www.open-sky-intl.com\/en\/wp-json\/wp\/v2\/pages\/24\/revisions"}],"wp:attachment":[{"href":"https:\/\/www.open-sky-intl.com\/en\/wp-json\/wp\/v2\/media?parent=24"}],"curies":[{"name":"wp","href":"https:\/\/api.w.org\/{rel}","templated":true}]}}