{"id":3860,"date":"2025-08-08T14:29:09","date_gmt":"2025-08-08T14:29:09","guid":{"rendered":"https:\/\/www.open-sky-intl.com\/?page_id=3860"},"modified":"2026-01-05T10:47:51","modified_gmt":"2026-01-05T10:47:51","slug":"nous-rejoindre","status":"publish","type":"page","link":"https:\/\/www.open-sky-intl.com\/en\/nous-rejoindre\/","title":{"rendered":"Join us"},"content":{"rendered":"<div data-elementor-type=\"wp-page\" data-elementor-id=\"3860\" class=\"elementor elementor-3860\" data-elementor-post-type=\"page\">\n\t\t\t\t<div class=\"elementor-element elementor-element-f3c25df e-flex e-con-boxed e-con e-parent\" data-id=\"f3c25df\" data-element_type=\"container\">\n\t\t\t\t\t<div class=\"e-con-inner\">\n\t\t\t\t<div class=\"elementor-element elementor-element-ec9f807 elementor-widget elementor-widget-heading\" data-id=\"ec9f807\" data-element_type=\"widget\" data-widget_type=\"heading.default\">\n\t\t\t\t<div class=\"elementor-widget-container\">\n\t\t\t\t\t<h2 class=\"elementor-heading-title elementor-size-default\">Join <span style=\"display: inline !important\">Open Sky International<\/span><\/h2>\t\t\t\t<\/div>\n\t\t\t\t<\/div>\n\t\t\t\t<div class=\"elementor-element elementor-element-bf77488 elementor-widget elementor-widget-text-editor\" data-id=\"bf77488\" data-element_type=\"widget\" data-widget_type=\"text-editor.default\">\n\t\t\t\t<div class=\"elementor-widget-container\">\n\t\t\t\t\t\t\t\t\t<p data-start=\"114\" data-end=\"230\">\u00a0<\/p><p data-start=\"114\" data-end=\"230\">Would you like to join an innovative school focused on academic excellence and international openness?<\/p><p data-start=\"232\" data-end=\"266\">Open Sky International is recruiting:<\/p><ul data-start=\"268\" data-end=\"595\"><li data-start=\"268\" data-end=\"452\"><p data-start=\"270\" data-end=\"452\"><span style=\"text-decoration: underline;\">Teachers passionate<\/span> about education and student development:<br data-start=\"345\" data-end=\"348\" \/>send your CV and cover letter to\u00a0<strong data-start=\"407\" data-end=\"450\"><a class=\"decorated-link cursor-pointer\" rel=\"noopener\" data-start=\"409\" data-end=\"448\">teachersrecruitfrance@open-sky-intl.com<\/a><\/strong><\/p><\/li><li data-start=\"454\" data-end=\"595\"><p data-start=\"456\" data-end=\"595\"><span style=\"text-decoration: underline;\">Other positions<\/span> (administration, support, etc.):<br data-start=\"507\" data-end=\"510\" \/>envoyez votre votre CV et lettre de motivation\u00a0\u00e0 <strong data-start=\"569\" data-end=\"593\"><a class=\"decorated-link cursor-pointer\" rel=\"noopener\" data-start=\"571\" data-end=\"591\">rh@open-sky-intl.com<\/a><\/strong><\/p><\/li><\/ul><p data-start=\"597\" data-end=\"648\">\u00a0<\/p><p data-start=\"597\" data-end=\"648\">We will carefully review your application.<\/p>\t\t\t\t\t\t\t\t<\/div>\n\t\t\t\t<\/div>\n\t\t\t\t\t<\/div>\n\t\t\t\t<\/div>\n\t\t\t\t<\/div>","protected":false},"excerpt":{"rendered":"<p>Rejoignez Open Sky International \u00a0 Vous souhaitez rejoindre une \u00e9cole innovante, tourn\u00e9e vers l\u2019excellence acad\u00e9mique et l\u2019ouverture internationale ? Open Sky International recrute : Enseignants passionn\u00e9s par l\u2019\u00e9ducation et l\u2019accompagnement des \u00e9l\u00e8ves :envoyez votre CV et lettre de motivation \u00e0\u00a0teachersrecruitfrance@open-sky-intl.com Autres postes (administration, support, etc.) :envoyez votre votre CV et lettre de motivation\u00a0\u00e0 rh@open-sky-intl.com \u00a0 [&hellip;]<\/p>","protected":false},"author":1,"featured_media":0,"parent":0,"menu_order":0,"comment_status":"open","ping_status":"closed","template":"elementor_header_footer","meta":{"footnotes":""},"class_list":["post-3860","page","type-page","status-publish","hentry"],"yoast_head":"<!-- This site is optimized with the Yoast SEO plugin v26.0 - https:\/\/yoast.com\/wordpress\/plugins\/seo\/ -->\n<title>Nous rejoindre - Open Sky International<\/title>\n<meta name=\"robots\" content=\"index, follow, max-snippet:-1, max-image-preview:large, max-video-preview:-1\" \/>\n<link rel=\"canonical\" href=\"https:\/\/www.open-sky-intl.com\/en\/nous-rejoindre\/\" \/>\n<meta property=\"og:locale\" content=\"en_US\" \/>\n<meta property=\"og:type\" content=\"article\" \/>\n<meta property=\"og:title\" content=\"Nous rejoindre - Open Sky International\" \/>\n<meta property=\"og:description\" content=\"Rejoignez Open Sky International \u00a0 Vous souhaitez rejoindre une \u00e9cole innovante, tourn\u00e9e vers l\u2019excellence acad\u00e9mique et l\u2019ouverture internationale ? Open Sky International recrute : Enseignants passionn\u00e9s par l\u2019\u00e9ducation et l\u2019accompagnement des \u00e9l\u00e8ves :envoyez votre CV et lettre de motivation \u00e0\u00a0teachersrecruitfrance@open-sky-intl.com Autres postes (administration, support, etc.) :envoyez votre votre CV et lettre de motivation\u00a0\u00e0 rh@open-sky-intl.com \u00a0 [&hellip;]\" \/>\n<meta property=\"og:url\" content=\"https:\/\/www.open-sky-intl.com\/en\/nous-rejoindre\/\" \/>\n<meta property=\"og:site_name\" content=\"Open Sky International\" \/>\n<meta property=\"article:modified_time\" content=\"2026-01-05T10:47:51+00:00\" \/>\n<meta name=\"twitter:card\" content=\"summary_large_image\" \/>\n<meta name=\"twitter:label1\" content=\"Est. reading time\" \/>\n\t<meta name=\"twitter:data1\" content=\"1 minute\" \/>\n<script type=\"application\/ld+json\" class=\"yoast-schema-graph\">{\"@context\":\"https:\/\/schema.org\",\"@graph\":[{\"@type\":\"WebPage\",\"@id\":\"https:\/\/www.open-sky-intl.com\/nous-rejoindre\/\",\"url\":\"https:\/\/www.open-sky-intl.com\/nous-rejoindre\/\",\"name\":\"Nous rejoindre - Open Sky International\",\"isPartOf\":{\"@id\":\"https:\/\/www.open-sky-intl.com\/#website\"},\"datePublished\":\"2025-08-08T14:29:09+00:00\",\"dateModified\":\"2026-01-05T10:47:51+00:00\",\"breadcrumb\":{\"@id\":\"https:\/\/www.open-sky-intl.com\/nous-rejoindre\/#breadcrumb\"},\"inLanguage\":\"en-US\",\"potentialAction\":[{\"@type\":\"ReadAction\",\"target\":[\"https:\/\/www.open-sky-intl.com\/nous-rejoindre\/\"]}]},{\"@type\":\"BreadcrumbList\",\"@id\":\"https:\/\/www.open-sky-intl.com\/nous-rejoindre\/#breadcrumb\",\"itemListElement\":[{\"@type\":\"ListItem\",\"position\":1,\"name\":\"Accueil\",\"item\":\"https:\/\/www.open-sky-intl.com\/\"},{\"@type\":\"ListItem\",\"position\":2,\"name\":\"Nous rejoindre\"}]},{\"@type\":\"WebSite\",\"@id\":\"https:\/\/www.open-sky-intl.com\/#website\",\"url\":\"https:\/\/www.open-sky-intl.com\/\",\"name\":\"Open Sky International\",\"description\":\"\",\"potentialAction\":[{\"@type\":\"SearchAction\",\"target\":{\"@type\":\"EntryPoint\",\"urlTemplate\":\"https:\/\/www.open-sky-intl.com\/?s={search_term_string}\"},\"query-input\":{\"@type\":\"PropertyValueSpecification\",\"valueRequired\":true,\"valueName\":\"search_term_string\"}}],\"inLanguage\":\"en-US\"}]}<\/script>\n<!-- \/ Yoast SEO plugin. -->","yoast_head_json":{"title":"Nous rejoindre - Open Sky International","robots":{"index":"index","follow":"follow","max-snippet":"max-snippet:-1","max-image-preview":"max-image-preview:large","max-video-preview":"max-video-preview:-1"},"canonical":"https:\/\/www.open-sky-intl.com\/en\/nous-rejoindre\/","og_locale":"en_US","og_type":"article","og_title":"Nous rejoindre - Open Sky International","og_description":"Rejoignez Open Sky International \u00a0 Vous souhaitez rejoindre une \u00e9cole innovante, tourn\u00e9e vers l\u2019excellence acad\u00e9mique et l\u2019ouverture internationale ? Open Sky International recrute : Enseignants passionn\u00e9s par l\u2019\u00e9ducation et l\u2019accompagnement des \u00e9l\u00e8ves :envoyez votre CV et lettre de motivation \u00e0\u00a0teachersrecruitfrance@open-sky-intl.com Autres postes (administration, support, etc.) :envoyez votre votre CV et lettre de motivation\u00a0\u00e0 rh@open-sky-intl.com \u00a0 [&hellip;]","og_url":"https:\/\/www.open-sky-intl.com\/en\/nous-rejoindre\/","og_site_name":"Open Sky International","article_modified_time":"2026-01-05T10:47:51+00:00","twitter_card":"summary_large_image","twitter_misc":{"Est. reading time":"1 minute"},"schema":{"@context":"https:\/\/schema.org","@graph":[{"@type":"WebPage","@id":"https:\/\/www.open-sky-intl.com\/nous-rejoindre\/","url":"https:\/\/www.open-sky-intl.com\/nous-rejoindre\/","name":"Nous rejoindre - Open Sky International","isPartOf":{"@id":"https:\/\/www.open-sky-intl.com\/#website"},"datePublished":"2025-08-08T14:29:09+00:00","dateModified":"2026-01-05T10:47:51+00:00","breadcrumb":{"@id":"https:\/\/www.open-sky-intl.com\/nous-rejoindre\/#breadcrumb"},"inLanguage":"en-US","potentialAction":[{"@type":"ReadAction","target":["https:\/\/www.open-sky-intl.com\/nous-rejoindre\/"]}]},{"@type":"BreadcrumbList","@id":"https:\/\/www.open-sky-intl.com\/nous-rejoindre\/#breadcrumb","itemListElement":[{"@type":"ListItem","position":1,"name":"Accueil","item":"https:\/\/www.open-sky-intl.com\/"},{"@type":"ListItem","position":2,"name":"Nous rejoindre"}]},{"@type":"WebSite","@id":"https:\/\/www.open-sky-intl.com\/#website","url":"https:\/\/www.open-sky-intl.com\/","name":"Open Sky International","description":"","potentialAction":[{"@type":"SearchAction","target":{"@type":"EntryPoint","urlTemplate":"https:\/\/www.open-sky-intl.com\/?s={search_term_string}"},"query-input":{"@type":"PropertyValueSpecification","valueRequired":true,"valueName":"search_term_string"}}],"inLanguage":"en-US"}]}},"_links":{"self":[{"href":"https:\/\/www.open-sky-intl.com\/en\/wp-json\/wp\/v2\/pages\/3860","targetHints":{"allow":["GET"]}}],"collection":[{"href":"https:\/\/www.open-sky-intl.com\/en\/wp-json\/wp\/v2\/pages"}],"about":[{"href":"https:\/\/www.open-sky-intl.com\/en\/wp-json\/wp\/v2\/types\/page"}],"author":[{"embeddable":true,"href":"https:\/\/www.open-sky-intl.com\/en\/wp-json\/wp\/v2\/users\/1"}],"replies":[{"embeddable":true,"href":"https:\/\/www.open-sky-intl.com\/en\/wp-json\/wp\/v2\/comments?post=3860"}],"version-history":[{"count":3,"href":"https:\/\/www.open-sky-intl.com\/en\/wp-json\/wp\/v2\/pages\/3860\/revisions"}],"predecessor-version":[{"id":4432,"href":"https:\/\/www.open-sky-intl.com\/en\/wp-json\/wp\/v2\/pages\/3860\/revisions\/4432"}],"wp:attachment":[{"href":"https:\/\/www.open-sky-intl.com\/en\/wp-json\/wp\/v2\/media?parent=3860"}],"curies":[{"name":"wp","href":"https:\/\/api.w.org\/{rel}","templated":true}]}}