{"id":4173,"date":"2025-10-06T12:20:48","date_gmt":"2025-10-06T12:20:48","guid":{"rendered":"https:\/\/www.open-sky-intl.com\/?page_id=4173"},"modified":"2026-01-29T10:37:20","modified_gmt":"2026-01-29T10:37:20","slug":"webinaire-presentation-osi","status":"publish","type":"page","link":"https:\/\/www.open-sky-intl.com\/en\/webinaire-presentation-osi\/","title":{"rendered":"Webinaire | Pr\u00e9sentation d\u2019Open Sky International"},"content":{"rendered":"<div data-elementor-type=\"wp-page\" data-elementor-id=\"4173\" class=\"elementor elementor-4173\" data-elementor-post-type=\"page\">\n\t\t\t\t<div class=\"elementor-element elementor-element-70fdc29 e-flex e-con-boxed e-con e-parent\" data-id=\"70fdc29\" data-element_type=\"container\">\n\t\t\t\t\t<div class=\"e-con-inner\">\n\t\t\t\t<div class=\"elementor-element elementor-element-4d2d5fb elementor-widget elementor-widget-heading\" data-id=\"4d2d5fb\" data-element_type=\"widget\" data-widget_type=\"heading.default\">\n\t\t\t\t<div class=\"elementor-widget-container\">\n\t\t\t\t\t<h3 class=\"elementor-heading-title elementor-size-default\">English version below<\/h3>\t\t\t\t<\/div>\n\t\t\t\t<\/div>\n\t\t\t\t<div class=\"elementor-element elementor-element-0fcd5ae elementor-align-center elementor-widget elementor-widget-button\" data-id=\"0fcd5ae\" data-element_type=\"widget\" data-widget_type=\"button.default\">\n\t\t\t\t<div class=\"elementor-widget-container\">\n\t\t\t\t\t\t\t\t\t<div class=\"elementor-button-wrapper\">\n\t\t\t\t\t<a class=\"elementor-button elementor-button-link elementor-size-sm\" href=\"#english\">\n\t\t\t\t\t\t<span class=\"elementor-button-content-wrapper\">\n\t\t\t\t\t\t\t\t\t<span class=\"elementor-button-text\">CLICK HERE<\/span>\n\t\t\t\t\t<\/span>\n\t\t\t\t\t<\/a>\n\t\t\t\t<\/div>\n\t\t\t\t\t\t\t\t<\/div>\n\t\t\t\t<\/div>\n\t\t\t\t<div class=\"elementor-element elementor-element-21c5caf elementor-widget-divider--view-line elementor-widget elementor-widget-divider\" data-id=\"21c5caf\" data-element_type=\"widget\" data-widget_type=\"divider.default\">\n\t\t\t\t<div class=\"elementor-widget-container\">\n\t\t\t\t\t\t\t<div class=\"elementor-divider\">\n\t\t\t<span class=\"elementor-divider-separator\">\n\t\t\t\t\t\t<\/span>\n\t\t<\/div>\n\t\t\t\t\t\t<\/div>\n\t\t\t\t<\/div>\n\t\t\t\t\t<\/div>\n\t\t\t\t<\/div>\n\t\t<div class=\"elementor-element elementor-element-0e5275d e-flex e-con-boxed e-con e-parent\" data-id=\"0e5275d\" data-element_type=\"container\">\n\t\t\t\t\t<div class=\"e-con-inner\">\n\t\t\t\t<div class=\"elementor-element elementor-element-9787d88 elementor-widget elementor-widget-heading\" data-id=\"9787d88\" data-element_type=\"widget\" data-widget_type=\"heading.default\">\n\t\t\t\t<div class=\"elementor-widget-container\">\n\t\t\t\t\t<h1 class=\"elementor-heading-title elementor-size-default\"><span>19\/02 &amp; 26\/03 - Webinaire<\/span> | Pr\u00e9sentation d\u2019Open Sky International<\/h1>\t\t\t\t<\/div>\n\t\t\t\t<\/div>\n\t\t\t\t\t<\/div>\n\t\t\t\t<\/div>\n\t\t<div class=\"elementor-element elementor-element-b1ab1b4 e-flex e-con-boxed e-con e-parent\" data-id=\"b1ab1b4\" data-element_type=\"container\">\n\t\t\t\t\t<div class=\"e-con-inner\">\n\t\t<div class=\"elementor-element elementor-element-34ef7d3 e-con-full e-flex e-con e-child\" data-id=\"34ef7d3\" data-element_type=\"container\">\n\t\t\t\t<div class=\"elementor-element elementor-element-80bd10b elementor-widget elementor-widget-text-editor\" data-id=\"80bd10b\" data-element_type=\"widget\" data-widget_type=\"text-editor.default\">\n\t\t\t\t<div class=\"elementor-widget-container\">\n\t\t\t\t\t\t\t\t\t<p><strong>Pr\u00e9sentation d\u2019Open Sky International et de son mod\u00e8le \u00e9ducatif bilingue et international.<\/strong><\/p><p>Scolariser son enfant dans un environnement bilingue et international ouvre de nouvelles perspectives acad\u00e9miques, culturelles et professionnelles.<\/p><p>Chez Open Sky International, nous proposons un enseignement rigoureux et bienveillant, dispens\u00e9 \u00e0 parts \u00e9gales en fran\u00e7ais et en anglais, de la maternelle au lyc\u00e9e. Notre mission est de pr\u00e9parer les enfants \u00e0 r\u00e9ussir dans un monde globalis\u00e9 tout en les aidant \u00e0 s\u2019\u00e9panouir pleinement.<\/p><p>Nous vous invitons \u00e0 d\u00e9couvrir notre \u00e9cole, nos m\u00e9thodes et nos valeurs lors de ce webinaire de pr\u00e9sentation.<\/p><p><strong><a href=\"https:\/\/events.teams.microsoft.com\/event\/34f0d6ba-a3f6-4fe6-a87f-a527b58f8cb2@93bfc4cb-2dea-46e8-995b-00b3274a165f\">Cliquez ici pour acc\u00e9der au webinaire.<\/a><\/strong><\/p><p><strong>Au programme :<\/strong>\u2705 Notre vision et nos valeurs \u00e9ducatives<br \/>\u2705 Le bilinguisme : un atout concret au quotidien<br \/>\u2705 Nos m\u00e9thodes d\u2019enseignement et d\u2019accompagnement des \u00e9l\u00e8ves<br \/>\u2705 Pr\u00e9sentation de nos parcours acad\u00e9miques<br \/>\u2705 Temps de Q&amp;A en direct avec l\u2019\u00e9quipe p\u00e9dagogique<\/p><p>Ce webinaire s\u2019adresse \u00e0 toutes les familles qui recherchent une \u00e9ducation bilingue et internationale pour leurs enfants.<\/p><p>Nous sommes impatients de vous retrouver en ligne !<\/p>\t\t\t\t\t\t\t\t<\/div>\n\t\t\t\t<\/div>\n\t\t\t\t<\/div>\n\t\t<div class=\"elementor-element elementor-element-ddb266b e-con-full e-flex e-con e-child\" data-id=\"ddb266b\" data-element_type=\"container\">\n\t\t\t\t<div class=\"elementor-element elementor-element-cf62c3f elementor-widget elementor-widget-image\" data-id=\"cf62c3f\" data-element_type=\"widget\" data-widget_type=\"image.default\">\n\t\t\t\t<div class=\"elementor-widget-container\">\n\t\t\t\t\t\t\t\t\t\t\t\t\t\t\t<img fetchpriority=\"high\" decoding=\"async\" width=\"465\" height=\"632\" src=\"https:\/\/www.open-sky-intl.com\/wp-content\/uploads\/2025\/05\/image.png\" class=\"attachment-full size-full wp-image-2854\" alt=\"\" srcset=\"https:\/\/www.open-sky-intl.com\/wp-content\/uploads\/2025\/05\/image.png 465w, https:\/\/www.open-sky-intl.com\/wp-content\/uploads\/2025\/05\/image-221x300.png 221w, https:\/\/www.open-sky-intl.com\/wp-content\/uploads\/2025\/05\/image-9x12.png 9w\" sizes=\"(max-width: 465px) 100vw, 465px\" \/>\t\t\t\t\t\t\t\t\t\t\t\t\t\t\t<\/div>\n\t\t\t\t<\/div>\n\t\t\t\t<\/div>\n\t\t\t\t\t<\/div>\n\t\t\t\t<\/div>\n\t\t<div class=\"elementor-element elementor-element-8e781a3 e-flex e-con-boxed e-con e-parent\" data-id=\"8e781a3\" data-element_type=\"container\">\n\t\t\t\t\t<div class=\"e-con-inner\">\n\t\t\t\t<div class=\"elementor-element elementor-element-0b2690a elementor-widget elementor-widget-heading\" data-id=\"0b2690a\" data-element_type=\"widget\" data-widget_type=\"heading.default\">\n\t\t\t\t<div class=\"elementor-widget-container\">\n\t\t\t\t\t<h4 class=\"elementor-heading-title elementor-size-default\">Intervenants lors de ce webinaire :<\/h4>\t\t\t\t<\/div>\n\t\t\t\t<\/div>\n\t\t<div class=\"elementor-element elementor-element-1f51514 e-con-full e-flex e-con e-child\" data-id=\"1f51514\" data-element_type=\"container\">\n\t\t<div class=\"elementor-element elementor-element-2a694fc e-con-full e-flex e-con e-child\" data-id=\"2a694fc\" data-element_type=\"container\">\n\t\t\t\t<div class=\"elementor-element elementor-element-e5d2995 elementor-widget elementor-widget-image\" data-id=\"e5d2995\" data-element_type=\"widget\" data-widget_type=\"image.default\">\n\t\t\t\t<div class=\"elementor-widget-container\">\n\t\t\t\t\t\t\t\t\t\t\t\t\t\t\t<img decoding=\"async\" width=\"484\" height=\"510\" src=\"https:\/\/www.open-sky-intl.com\/wp-content\/uploads\/2025\/06\/Emmanuel-e1757074630842.jpg\" class=\"attachment-full size-full wp-image-3421\" alt=\"\" \/>\t\t\t\t\t\t\t\t\t\t\t\t\t\t\t<\/div>\n\t\t\t\t<\/div>\n\t\t\t\t<div class=\"elementor-element elementor-element-5811237 elementor-widget elementor-widget-text-editor\" data-id=\"5811237\" data-element_type=\"widget\" data-widget_type=\"text-editor.default\">\n\t\t\t\t<div class=\"elementor-widget-container\">\n\t\t\t\t\t\t\t\t\t<p><strong>Emmanuel Fayad<\/strong><\/p>\t\t\t\t\t\t\t\t<\/div>\n\t\t\t\t<\/div>\n\t\t\t\t<\/div>\n\t\t<div class=\"elementor-element elementor-element-1c8a015 e-con-full e-flex e-con e-child\" data-id=\"1c8a015\" data-element_type=\"container\">\n\t\t\t\t<div class=\"elementor-element elementor-element-ccb51c0 elementor-widget elementor-widget-image\" data-id=\"ccb51c0\" data-element_type=\"widget\" data-widget_type=\"image.default\">\n\t\t\t\t<div class=\"elementor-widget-container\">\n\t\t\t\t\t\t\t\t\t\t\t\t\t\t\t<img decoding=\"async\" width=\"489\" height=\"510\" src=\"https:\/\/www.open-sky-intl.com\/wp-content\/uploads\/2025\/09\/Yiannis-489-x-510-px.png\" class=\"attachment-full size-full wp-image-3962\" alt=\"\" srcset=\"https:\/\/www.open-sky-intl.com\/wp-content\/uploads\/2025\/09\/Yiannis-489-x-510-px.png 489w, https:\/\/www.open-sky-intl.com\/wp-content\/uploads\/2025\/09\/Yiannis-489-x-510-px-288x300.png 288w, https:\/\/www.open-sky-intl.com\/wp-content\/uploads\/2025\/09\/Yiannis-489-x-510-px-12x12.png 12w\" sizes=\"(max-width: 489px) 100vw, 489px\" \/>\t\t\t\t\t\t\t\t\t\t\t\t\t\t\t<\/div>\n\t\t\t\t<\/div>\n\t\t\t\t<div class=\"elementor-element elementor-element-e45edee elementor-widget elementor-widget-text-editor\" data-id=\"e45edee\" data-element_type=\"widget\" data-widget_type=\"text-editor.default\">\n\t\t\t\t<div class=\"elementor-widget-container\">\n\t\t\t\t\t\t\t\t\t<p>Yiannis Georgiou<\/p>\t\t\t\t\t\t\t\t<\/div>\n\t\t\t\t<\/div>\n\t\t\t\t<\/div>\n\t\t<div class=\"elementor-element elementor-element-74071ab e-con-full elementor-hidden-tablet elementor-hidden-mobile e-flex e-con e-child\" data-id=\"74071ab\" data-element_type=\"container\">\n\t\t\t\t<\/div>\n\t\t<div class=\"elementor-element elementor-element-e728680 e-con-full elementor-hidden-tablet elementor-hidden-mobile e-flex e-con e-child\" data-id=\"e728680\" data-element_type=\"container\">\n\t\t\t\t<\/div>\n\t\t<div class=\"elementor-element elementor-element-6f795f9 e-con-full elementor-hidden-tablet elementor-hidden-mobile e-flex e-con e-child\" data-id=\"6f795f9\" data-element_type=\"container\">\n\t\t\t\t<\/div>\n\t\t\t\t<\/div>\n\t\t\t\t\t<\/div>\n\t\t\t\t<\/div>\n\t\t<div class=\"elementor-element elementor-element-6a76f4e e-flex e-con-boxed e-con e-parent\" data-id=\"6a76f4e\" data-element_type=\"container\" id=\"english\">\n\t\t\t\t\t<div class=\"e-con-inner\">\n\t\t\t\t<div class=\"elementor-element elementor-element-0855b0e elementor-widget elementor-widget-heading\" data-id=\"0855b0e\" data-element_type=\"widget\" data-widget_type=\"heading.default\">\n\t\t\t\t<div class=\"elementor-widget-container\">\n\t\t\t\t\t<h2 class=\"elementor-heading-title elementor-size-default\"><span>19\/02 &amp; 26\/03 - Webinar<\/span> | Introduction to Open Sky International<\/h2>\t\t\t\t<\/div>\n\t\t\t\t<\/div>\n\t\t\t\t\t<\/div>\n\t\t\t\t<\/div>\n\t\t<div class=\"elementor-element elementor-element-2b15037 e-flex e-con-boxed e-con e-parent\" data-id=\"2b15037\" data-element_type=\"container\">\n\t\t\t\t\t<div class=\"e-con-inner\">\n\t\t<div class=\"elementor-element elementor-element-586b27e e-con-full e-flex e-con e-child\" data-id=\"586b27e\" data-element_type=\"container\">\n\t\t\t\t<div class=\"elementor-element elementor-element-fbef111 elementor-widget elementor-widget-text-editor\" data-id=\"fbef111\" data-element_type=\"widget\" data-widget_type=\"text-editor.default\">\n\t\t\t\t<div class=\"elementor-widget-container\">\n\t\t\t\t\t\t\t\t\t<p><strong>Discover Open Sky International and our bilingual, international education model.<\/strong><\/p><p>Enrolling your child in a bilingual and international environment opens new academic, cultural and professional opportunities.<\/p><p>At Open Sky International, we provide a rigorous and caring education delivered equally in French and English, from kindergarten to high school. Our mission is to prepare children to thrive in a globalized world while ensuring their personal growth.<\/p><p>Join us to learn more about our school, our methods, and our values during this introductory webinar.<\/p><p><strong><a href=\"https:\/\/events.teams.microsoft.com\/event\/34f0d6ba-a3f6-4fe6-a87f-a527b58f8cb2@93bfc4cb-2dea-46e8-995b-00b3274a165f\">To access the webinar, click here<\/a><\/strong><\/p><p>\u2705 Our vision and educational philosophy<br \/>\u2705 Bilingualism: a real daily advantage<br \/>\u2705 Our teaching methods and student support<br \/>\u2705 Overview of our academic pathways<br \/>\u2705 Live Q&amp;A with our education team<\/p><p>This webinar is open to all families seeking a bilingual and international education for their children.<\/p><p>We look forward to welcoming you online!<\/p>\t\t\t\t\t\t\t\t<\/div>\n\t\t\t\t<\/div>\n\t\t\t\t<\/div>\n\t\t<div class=\"elementor-element elementor-element-56b889e e-con-full e-flex e-con e-child\" data-id=\"56b889e\" data-element_type=\"container\">\n\t\t\t\t<div class=\"elementor-element elementor-element-d3ce2cf elementor-widget elementor-widget-image\" data-id=\"d3ce2cf\" data-element_type=\"widget\" data-widget_type=\"image.default\">\n\t\t\t\t<div class=\"elementor-widget-container\">\n\t\t\t\t\t\t\t\t\t\t\t\t\t\t\t<img fetchpriority=\"high\" decoding=\"async\" width=\"465\" height=\"632\" src=\"https:\/\/www.open-sky-intl.com\/wp-content\/uploads\/2025\/05\/image.png\" class=\"attachment-full size-full wp-image-2854\" alt=\"\" srcset=\"https:\/\/www.open-sky-intl.com\/wp-content\/uploads\/2025\/05\/image.png 465w, https:\/\/www.open-sky-intl.com\/wp-content\/uploads\/2025\/05\/image-221x300.png 221w, https:\/\/www.open-sky-intl.com\/wp-content\/uploads\/2025\/05\/image-9x12.png 9w\" sizes=\"(max-width: 465px) 100vw, 465px\" \/>\t\t\t\t\t\t\t\t\t\t\t\t\t\t\t<\/div>\n\t\t\t\t<\/div>\n\t\t\t\t<\/div>\n\t\t\t\t\t<\/div>\n\t\t\t\t<\/div>\n\t\t<div class=\"elementor-element elementor-element-4438d8e e-flex e-con-boxed e-con e-parent\" data-id=\"4438d8e\" data-element_type=\"container\">\n\t\t\t\t\t<div class=\"e-con-inner\">\n\t\t\t\t<div class=\"elementor-element elementor-element-f5cbc66 elementor-widget elementor-widget-heading\" data-id=\"f5cbc66\" data-element_type=\"widget\" data-widget_type=\"heading.default\">\n\t\t\t\t<div class=\"elementor-widget-container\">\n\t\t\t\t\t<h4 class=\"elementor-heading-title elementor-size-default\">Speakers at this webinar:<\/h4>\t\t\t\t<\/div>\n\t\t\t\t<\/div>\n\t\t<div class=\"elementor-element elementor-element-0e79d97 e-con-full e-flex e-con e-child\" data-id=\"0e79d97\" data-element_type=\"container\">\n\t\t<div class=\"elementor-element elementor-element-fc7d640 e-con-full e-flex e-con e-child\" data-id=\"fc7d640\" data-element_type=\"container\">\n\t\t\t\t<div class=\"elementor-element elementor-element-d2e0624 elementor-widget elementor-widget-image\" data-id=\"d2e0624\" data-element_type=\"widget\" data-widget_type=\"image.default\">\n\t\t\t\t<div class=\"elementor-widget-container\">\n\t\t\t\t\t\t\t\t\t\t\t\t\t\t\t<img loading=\"lazy\" decoding=\"async\" width=\"484\" height=\"510\" src=\"https:\/\/www.open-sky-intl.com\/wp-content\/uploads\/2025\/06\/Emmanuel-e1757074630842.jpg\" class=\"attachment-large size-large wp-image-3421\" alt=\"\" \/>\t\t\t\t\t\t\t\t\t\t\t\t\t\t\t<\/div>\n\t\t\t\t<\/div>\n\t\t\t\t<div class=\"elementor-element elementor-element-7a5cb0a elementor-widget elementor-widget-text-editor\" data-id=\"7a5cb0a\" data-element_type=\"widget\" data-widget_type=\"text-editor.default\">\n\t\t\t\t<div class=\"elementor-widget-container\">\n\t\t\t\t\t\t\t\t\t<p><strong>Emmanuel Fayad<\/strong><\/p>\t\t\t\t\t\t\t\t<\/div>\n\t\t\t\t<\/div>\n\t\t\t\t<\/div>\n\t\t<div class=\"elementor-element elementor-element-2d48bd0 e-con-full e-flex e-con e-child\" data-id=\"2d48bd0\" data-element_type=\"container\">\n\t\t\t\t<div class=\"elementor-element elementor-element-ec37a37 elementor-widget elementor-widget-image\" data-id=\"ec37a37\" data-element_type=\"widget\" data-widget_type=\"image.default\">\n\t\t\t\t<div class=\"elementor-widget-container\">\n\t\t\t\t\t\t\t\t\t\t\t\t\t\t\t<img loading=\"lazy\" decoding=\"async\" width=\"489\" height=\"510\" src=\"https:\/\/www.open-sky-intl.com\/wp-content\/uploads\/2025\/09\/Yiannis-489-x-510-px.png\" class=\"attachment-large size-large wp-image-3962\" alt=\"\" srcset=\"https:\/\/www.open-sky-intl.com\/wp-content\/uploads\/2025\/09\/Yiannis-489-x-510-px.png 489w, https:\/\/www.open-sky-intl.com\/wp-content\/uploads\/2025\/09\/Yiannis-489-x-510-px-288x300.png 288w, https:\/\/www.open-sky-intl.com\/wp-content\/uploads\/2025\/09\/Yiannis-489-x-510-px-12x12.png 12w\" sizes=\"(max-width: 489px) 100vw, 489px\" \/>\t\t\t\t\t\t\t\t\t\t\t\t\t\t\t<\/div>\n\t\t\t\t<\/div>\n\t\t\t\t<div class=\"elementor-element elementor-element-d2254a2 elementor-widget elementor-widget-text-editor\" data-id=\"d2254a2\" data-element_type=\"widget\" data-widget_type=\"text-editor.default\">\n\t\t\t\t<div class=\"elementor-widget-container\">\n\t\t\t\t\t\t\t\t\t<p>Yiannis Georgiou<\/p>\t\t\t\t\t\t\t\t<\/div>\n\t\t\t\t<\/div>\n\t\t\t\t<\/div>\n\t\t<div class=\"elementor-element elementor-element-cfbbb5e e-con-full elementor-hidden-tablet elementor-hidden-mobile e-flex e-con e-child\" data-id=\"cfbbb5e\" data-element_type=\"container\">\n\t\t\t\t<\/div>\n\t\t<div class=\"elementor-element elementor-element-59fd7e8 e-con-full elementor-hidden-tablet elementor-hidden-mobile e-flex e-con e-child\" data-id=\"59fd7e8\" data-element_type=\"container\">\n\t\t\t\t<\/div>\n\t\t<div class=\"elementor-element elementor-element-9b30b41 e-con-full elementor-hidden-tablet elementor-hidden-mobile e-flex e-con e-child\" data-id=\"9b30b41\" data-element_type=\"container\">\n\t\t\t\t<\/div>\n\t\t\t\t<\/div>\n\t\t\t\t\t<\/div>\n\t\t\t\t<\/div>\n\t\t\t\t<\/div>","protected":false},"excerpt":{"rendered":"<p>English version below CLICK HERE 19\/02 &amp; 26\/03 &#8211; Webinaire | Pr\u00e9sentation d\u2019Open Sky International Pr\u00e9sentation d\u2019Open Sky International et de son mod\u00e8le \u00e9ducatif bilingue et international. Scolariser son enfant dans un environnement bilingue et international ouvre de nouvelles perspectives acad\u00e9miques, culturelles et professionnelles. Chez Open Sky International, nous proposons un enseignement rigoureux et bienveillant, [&hellip;]<\/p>","protected":false},"author":1,"featured_media":0,"parent":0,"menu_order":0,"comment_status":"closed","ping_status":"closed","template":"elementor_header_footer","meta":{"footnotes":""},"class_list":["post-4173","page","type-page","status-publish","hentry"],"yoast_head":"<!-- This site is optimized with the Yoast SEO plugin v26.0 - https:\/\/yoast.com\/wordpress\/plugins\/seo\/ -->\n<title>Webinaire | Pr\u00e9sentation d\u2019Open Sky International - Open Sky International<\/title>\n<meta name=\"robots\" content=\"index, follow, max-snippet:-1, max-image-preview:large, max-video-preview:-1\" \/>\n<link rel=\"canonical\" href=\"https:\/\/www.open-sky-intl.com\/en\/webinaire-presentation-osi\/\" \/>\n<meta property=\"og:locale\" content=\"en_US\" \/>\n<meta property=\"og:type\" content=\"article\" \/>\n<meta property=\"og:title\" content=\"Webinaire | Pr\u00e9sentation d\u2019Open Sky International - Open Sky International\" \/>\n<meta property=\"og:description\" content=\"English version below CLICK HERE 19\/02 &amp; 26\/03 &#8211; Webinaire | Pr\u00e9sentation d\u2019Open Sky International Pr\u00e9sentation d\u2019Open Sky International et de son mod\u00e8le \u00e9ducatif bilingue et international. Scolariser son enfant dans un environnement bilingue et international ouvre de nouvelles perspectives acad\u00e9miques, culturelles et professionnelles. Chez Open Sky International, nous proposons un enseignement rigoureux et bienveillant, [&hellip;]\" \/>\n<meta property=\"og:url\" content=\"https:\/\/www.open-sky-intl.com\/en\/webinaire-presentation-osi\/\" \/>\n<meta property=\"og:site_name\" content=\"Open Sky International\" \/>\n<meta property=\"article:modified_time\" content=\"2026-01-29T10:37:20+00:00\" \/>\n<meta property=\"og:image\" content=\"https:\/\/www.open-sky-intl.com\/wp-content\/uploads\/2025\/05\/image.png\" \/>\n\t<meta property=\"og:image:width\" content=\"465\" \/>\n\t<meta property=\"og:image:height\" content=\"632\" \/>\n\t<meta property=\"og:image:type\" content=\"image\/png\" \/>\n<meta name=\"twitter:card\" content=\"summary_large_image\" \/>\n<meta name=\"twitter:label1\" content=\"Est. reading time\" \/>\n\t<meta name=\"twitter:data1\" content=\"3 minutes\" \/>\n<script type=\"application\/ld+json\" class=\"yoast-schema-graph\">{\"@context\":\"https:\/\/schema.org\",\"@graph\":[{\"@type\":\"WebPage\",\"@id\":\"https:\/\/www.open-sky-intl.com\/webinaire-presentation-osi\/\",\"url\":\"https:\/\/www.open-sky-intl.com\/webinaire-presentation-osi\/\",\"name\":\"Webinaire | Pr\u00e9sentation d\u2019Open Sky International - Open Sky International\",\"isPartOf\":{\"@id\":\"https:\/\/www.open-sky-intl.com\/#website\"},\"primaryImageOfPage\":{\"@id\":\"https:\/\/www.open-sky-intl.com\/webinaire-presentation-osi\/#primaryimage\"},\"image\":{\"@id\":\"https:\/\/www.open-sky-intl.com\/webinaire-presentation-osi\/#primaryimage\"},\"thumbnailUrl\":\"https:\/\/www.open-sky-intl.com\/wp-content\/uploads\/2025\/05\/image.png\",\"datePublished\":\"2025-10-06T12:20:48+00:00\",\"dateModified\":\"2026-01-29T10:37:20+00:00\",\"breadcrumb\":{\"@id\":\"https:\/\/www.open-sky-intl.com\/webinaire-presentation-osi\/#breadcrumb\"},\"inLanguage\":\"en-US\",\"potentialAction\":[{\"@type\":\"ReadAction\",\"target\":[\"https:\/\/www.open-sky-intl.com\/webinaire-presentation-osi\/\"]}]},{\"@type\":\"ImageObject\",\"inLanguage\":\"en-US\",\"@id\":\"https:\/\/www.open-sky-intl.com\/webinaire-presentation-osi\/#primaryimage\",\"url\":\"https:\/\/www.open-sky-intl.com\/wp-content\/uploads\/2025\/05\/image.png\",\"contentUrl\":\"https:\/\/www.open-sky-intl.com\/wp-content\/uploads\/2025\/05\/image.png\"},{\"@type\":\"BreadcrumbList\",\"@id\":\"https:\/\/www.open-sky-intl.com\/webinaire-presentation-osi\/#breadcrumb\",\"itemListElement\":[{\"@type\":\"ListItem\",\"position\":1,\"name\":\"Accueil\",\"item\":\"https:\/\/www.open-sky-intl.com\/\"},{\"@type\":\"ListItem\",\"position\":2,\"name\":\"Webinaire | Pr\u00e9sentation d\u2019Open Sky International\"}]},{\"@type\":\"WebSite\",\"@id\":\"https:\/\/www.open-sky-intl.com\/#website\",\"url\":\"https:\/\/www.open-sky-intl.com\/\",\"name\":\"Open Sky International\",\"description\":\"\",\"potentialAction\":[{\"@type\":\"SearchAction\",\"target\":{\"@type\":\"EntryPoint\",\"urlTemplate\":\"https:\/\/www.open-sky-intl.com\/?s={search_term_string}\"},\"query-input\":{\"@type\":\"PropertyValueSpecification\",\"valueRequired\":true,\"valueName\":\"search_term_string\"}}],\"inLanguage\":\"en-US\"}]}<\/script>\n<!-- \/ Yoast SEO plugin. -->","yoast_head_json":{"title":"Webinaire | Pr\u00e9sentation d\u2019Open Sky International - Open Sky International","robots":{"index":"index","follow":"follow","max-snippet":"max-snippet:-1","max-image-preview":"max-image-preview:large","max-video-preview":"max-video-preview:-1"},"canonical":"https:\/\/www.open-sky-intl.com\/en\/webinaire-presentation-osi\/","og_locale":"en_US","og_type":"article","og_title":"Webinaire | Pr\u00e9sentation d\u2019Open Sky International - Open Sky International","og_description":"English version below CLICK HERE 19\/02 &amp; 26\/03 &#8211; Webinaire | Pr\u00e9sentation d\u2019Open Sky International Pr\u00e9sentation d\u2019Open Sky International et de son mod\u00e8le \u00e9ducatif bilingue et international. Scolariser son enfant dans un environnement bilingue et international ouvre de nouvelles perspectives acad\u00e9miques, culturelles et professionnelles. Chez Open Sky International, nous proposons un enseignement rigoureux et bienveillant, [&hellip;]","og_url":"https:\/\/www.open-sky-intl.com\/en\/webinaire-presentation-osi\/","og_site_name":"Open Sky International","article_modified_time":"2026-01-29T10:37:20+00:00","og_image":[{"width":465,"height":632,"url":"https:\/\/www.open-sky-intl.com\/wp-content\/uploads\/2025\/05\/image.png","type":"image\/png"}],"twitter_card":"summary_large_image","twitter_misc":{"Est. reading time":"3 minutes"},"schema":{"@context":"https:\/\/schema.org","@graph":[{"@type":"WebPage","@id":"https:\/\/www.open-sky-intl.com\/webinaire-presentation-osi\/","url":"https:\/\/www.open-sky-intl.com\/webinaire-presentation-osi\/","name":"Webinaire | Pr\u00e9sentation d\u2019Open Sky International - Open Sky International","isPartOf":{"@id":"https:\/\/www.open-sky-intl.com\/#website"},"primaryImageOfPage":{"@id":"https:\/\/www.open-sky-intl.com\/webinaire-presentation-osi\/#primaryimage"},"image":{"@id":"https:\/\/www.open-sky-intl.com\/webinaire-presentation-osi\/#primaryimage"},"thumbnailUrl":"https:\/\/www.open-sky-intl.com\/wp-content\/uploads\/2025\/05\/image.png","datePublished":"2025-10-06T12:20:48+00:00","dateModified":"2026-01-29T10:37:20+00:00","breadcrumb":{"@id":"https:\/\/www.open-sky-intl.com\/webinaire-presentation-osi\/#breadcrumb"},"inLanguage":"en-US","potentialAction":[{"@type":"ReadAction","target":["https:\/\/www.open-sky-intl.com\/webinaire-presentation-osi\/"]}]},{"@type":"ImageObject","inLanguage":"en-US","@id":"https:\/\/www.open-sky-intl.com\/webinaire-presentation-osi\/#primaryimage","url":"https:\/\/www.open-sky-intl.com\/wp-content\/uploads\/2025\/05\/image.png","contentUrl":"https:\/\/www.open-sky-intl.com\/wp-content\/uploads\/2025\/05\/image.png"},{"@type":"BreadcrumbList","@id":"https:\/\/www.open-sky-intl.com\/webinaire-presentation-osi\/#breadcrumb","itemListElement":[{"@type":"ListItem","position":1,"name":"Accueil","item":"https:\/\/www.open-sky-intl.com\/"},{"@type":"ListItem","position":2,"name":"Webinaire | Pr\u00e9sentation d\u2019Open Sky International"}]},{"@type":"WebSite","@id":"https:\/\/www.open-sky-intl.com\/#website","url":"https:\/\/www.open-sky-intl.com\/","name":"Open Sky International","description":"","potentialAction":[{"@type":"SearchAction","target":{"@type":"EntryPoint","urlTemplate":"https:\/\/www.open-sky-intl.com\/?s={search_term_string}"},"query-input":{"@type":"PropertyValueSpecification","valueRequired":true,"valueName":"search_term_string"}}],"inLanguage":"en-US"}]}},"_links":{"self":[{"href":"https:\/\/www.open-sky-intl.com\/en\/wp-json\/wp\/v2\/pages\/4173","targetHints":{"allow":["GET"]}}],"collection":[{"href":"https:\/\/www.open-sky-intl.com\/en\/wp-json\/wp\/v2\/pages"}],"about":[{"href":"https:\/\/www.open-sky-intl.com\/en\/wp-json\/wp\/v2\/types\/page"}],"author":[{"embeddable":true,"href":"https:\/\/www.open-sky-intl.com\/en\/wp-json\/wp\/v2\/users\/1"}],"replies":[{"embeddable":true,"href":"https:\/\/www.open-sky-intl.com\/en\/wp-json\/wp\/v2\/comments?post=4173"}],"version-history":[{"count":6,"href":"https:\/\/www.open-sky-intl.com\/en\/wp-json\/wp\/v2\/pages\/4173\/revisions"}],"predecessor-version":[{"id":4527,"href":"https:\/\/www.open-sky-intl.com\/en\/wp-json\/wp\/v2\/pages\/4173\/revisions\/4527"}],"wp:attachment":[{"href":"https:\/\/www.open-sky-intl.com\/en\/wp-json\/wp\/v2\/media?parent=4173"}],"curies":[{"name":"wp","href":"https:\/\/api.w.org\/{rel}","templated":true}]}}